{"id":72,"date":"2017-07-12T05:54:00","date_gmt":"2017-07-12T05:54:00","guid":{"rendered":"https:\/\/frenchfrymachine.com\/services\/"},"modified":"2017-07-12T05:54:00","modified_gmt":"2017-07-12T05:54:00","slug":"services","status":"publish","type":"page","link":"https:\/\/frenchfrymachine.com\/vi\/services\/","title":{"rendered":"D\u1ecbch v\u1ee5"},"content":{"rendered":"<div data-elementor-type=\"wp-post\" data-elementor-id=\"72\" class=\"elementor elementor-72\" data-elementor-post-type=\"page\"> \t\t\t\t\t\t<section class=\"elementor-section elementor-top-section elementor-element elementor-element-hpndfze elementor-section-boxed elementor-section-height-default elementor-section-height-default\" data-id=\"hpndfze\" data-element_type=\"section\" data-e-type=\"section\" data-settings=\"{&quot;background_background&quot;:&quot;classic&quot;}\"> \t\t\t\t\t\t\t<div class=\"elementor-background-overlay\"><\/div> \t\t\t\t\t\t\t<div class=\"elementor-container elementor-column-gap-default\"> \t\t\t\t\t<div class=\"elementor-column elementor-col-100 elementor-top-column elementor-element elementor-element-gojnqwz\" data-id=\"gojnqwz\" data-element_type=\"column\" data-e-type=\"column\" data-settings=\"{&quot;background_background&quot;:&quot;classic&quot;}\"> \t\t\t<div class=\"elementor-widget-wrap elementor-element-populated\"> \t\t\t\t\t\t<div class=\"elementor-element elementor-element-ddxtmxl elementor-widget elementor-widget-heading\" data-id=\"ddxtmxl\" data-element_type=\"widget\" data-e-type=\"widget\" data-widget_type=\"heading.default\"> \t\t\t\t\t<h1 class=\"elementor-heading-title elementor-size-default\">D\u1ecbch v\u1ee5<\/h1>\t\t\t\t<\/div> \t\t\t\t\t<\/div> \t\t<\/div> \t\t\t\t\t<\/div> \t\t<\/section> \t\t\t\t<section class=\"elementor-section elementor-top-section elementor-element elementor-element-czcxnov elementor-section-content-middle elementor-section-boxed elementor-section-height-default elementor-section-height-default\" data-id=\"czcxnov\" data-element_type=\"section\" data-e-type=\"section\"> \t\t\t\t\t\t<div class=\"elementor-container elementor-column-gap-default\"> \t\t\t\t\t<div class=\"elementor-column elementor-col-50 elementor-top-column elementor-element elementor-element-hwkvudx\" data-id=\"hwkvudx\" data-element_type=\"column\" data-e-type=\"column\"> \t\t\t<div class=\"elementor-widget-wrap elementor-element-populated\"> \t\t\t\t\t\t<div class=\"elementor-element elementor-element-ff7bbaf elementor-widget elementor-widget-heading\" data-id=\"ff7bbaf\" data-element_type=\"widget\" data-e-type=\"widget\" data-widget_type=\"heading.default\"> \t\t\t\t\t<h2 class=\"elementor-heading-title elementor-size-default\">D\u1ecbch v\u1ee5 c\u1ee7a ch\u00fang t\u00f4i<\/h2>\t\t\t\t<\/div> \t\t\t\t<div class=\"elementor-element elementor-element-xa5ne0v elementor-widget elementor-widget-text-editor\" data-id=\"xa5ne0v\" data-element_type=\"widget\" data-e-type=\"widget\" data-widget_type=\"text-editor.default\"> \t\t\t\t\t\t\t\t\t<p>B\u1ea1n c\u00f3 th\u1ec3 s\u1eed d\u1ee5ng c\u00e1c m\u1ee5c n\u00e0y \u0111\u1ec3 l\u00e0m n\u1ed5i b\u1eadt c\u00e1c t\u00ednh n\u0103ng c\u1ee7a ti\u00eau \u0111\u1ec1. S\u1eed d\u1ee5ng nh\u1eefng \u0111o\u1ea1n v\u0103n n\u00e0y \u0111\u1ec3 t\u1eadp trung v\u00e0o ch\u1ee7 \u0111\u1ec1 b\u1ea1n mu\u1ed1n. H\u00e3y ch\u1eafc ch\u1eafn gi\u1eef cho n\u00f3 ng\u1eafn g\u1ecdn v\u00e0 h\u1ea5p d\u1eabn.<\/p>\t\t\t\t\t\t\t\t<\/div> \t\t\t\t<section class=\"elementor-section elementor-inner-section elementor-element elementor-element-fik9onq elementor-section-boxed elementor-section-height-default elementor-section-height-default\" data-id=\"fik9onq\" data-element_type=\"section\" data-e-type=\"section\"> \t\t\t\t\t\t<div class=\"elementor-container elementor-column-gap-default\"> \t\t\t\t\t<div class=\"elementor-column elementor-col-50 elementor-inner-column elementor-element elementor-element-gp41404\" data-id=\"gp41404\" data-element_type=\"column\" data-e-type=\"column\"> \t\t\t<div class=\"elementor-widget-wrap elementor-element-populated\"> \t\t\t\t\t\t<div class=\"elementor-element elementor-element-16byszi elementor-widget elementor-widget-icon-box\" data-id=\"16byszi\" data-element_type=\"widget\" data-e-type=\"widget\" data-widget_type=\"icon-box.default\"> \t\t\t\t\t\t\t<div class=\"elementor-icon-box-wrapper\">  \t\t\t \t\t\t\t\t\t<div class=\"elementor-icon-box-content\">  \t\t\t\t\t\t\t\t\t<h5 class=\"elementor-icon-box-title\"> \t\t\t\t\t\t<span  > \t\t\t\t\t\t\tL\u1eadp k\u1ebf ho\u1ea1ch t\u1ec9 m\u1ec9\t\t\t\t\t\t<\/span> \t\t\t\t\t<\/h5> \t\t\t\t \t\t\t\t\t\t\t\t\t<p class=\"elementor-icon-box-description\"> \t\t\t\t\t\tKh\u00f4ng gh\u00e9t b\u1ecf s\u1ef1 tr\u1ed1n ch\u1ea1y, v\u00e0 s\u1ef1 linh ho\u1ea1t! Tuy nhi\u00ean, kh\u00f4ng c\u00f3 m\u1ec7nh l\u1ec7nh ph\u00e1t sinh, ch\u00ednh l\u00e0 cu\u1ed9c s\u1ed1ng.\t\t\t\t\t<\/p> \t\t\t\t \t\t\t<\/div> \t\t\t \t\t<\/div> \t\t\t\t\t\t<\/div> \t\t\t\t<div class=\"elementor-element elementor-element-aa60897 elementor-widget elementor-widget-icon-box\" data-id=\"aa60897\" data-element_type=\"widget\" data-e-type=\"widget\" data-widget_type=\"icon-box.default\"> \t\t\t\t\t\t\t<div class=\"elementor-icon-box-wrapper\">  \t\t\t \t\t\t\t\t\t<div class=\"elementor-icon-box-content\">  \t\t\t\t\t\t\t\t\t<h5 class=\"elementor-icon-box-title\"> \t\t\t\t\t\t<span  > \t\t\t\t\t\t\tHo\u00e0n th\u00e0nh \u0111\u00fang h\u1ea1n\t\t\t\t\t\t<\/span> \t\t\t\t\t<\/h5> \t\t\t\t \t\t\t\t\t\t\t\t\t<p class=\"elementor-icon-box-description\"> \t\t\t\t\t\tKh\u00f4ng gh\u00e9t b\u1ecf s\u1ef1 tr\u1ed1n ch\u1ea1y, v\u00e0 s\u1ef1 linh ho\u1ea1t! Tuy nhi\u00ean, kh\u00f4ng c\u00f3 m\u1ec7nh l\u1ec7nh ph\u00e1t sinh, ch\u00ednh l\u00e0 cu\u1ed9c s\u1ed1ng.\t\t\t\t\t<\/p> \t\t\t\t \t\t\t<\/div> \t\t\t \t\t<\/div> \t\t\t\t\t\t<\/div> \t\t\t\t\t<\/div> \t\t<\/div> \t\t\t\t<div class=\"elementor-column elementor-col-50 elementor-inner-column elementor-element elementor-element-p6uatg7\" data-id=\"p6uatg7\" data-element_type=\"column\" data-e-type=\"column\"> \t\t\t<div class=\"elementor-widget-wrap elementor-element-populated\"> \t\t\t\t\t\t<div class=\"elementor-element elementor-element-ca4e0ec elementor-widget elementor-widget-icon-box\" data-id=\"ca4e0ec\" data-element_type=\"widget\" data-e-type=\"widget\" data-widget_type=\"icon-box.default\"> \t\t\t\t\t\t\t<div class=\"elementor-icon-box-wrapper\">  \t\t\t \t\t\t\t\t\t<div class=\"elementor-icon-box-content\">  \t\t\t\t\t\t\t\t\t<h5 class=\"elementor-icon-box-title\"> \t\t\t\t\t\t<span  > \t\t\t\t\t\t\tTh\u1ef1c hi\u1ec7n ho\u00e0n h\u1ea3o\t\t\t\t\t\t<\/span> \t\t\t\t\t<\/h5> \t\t\t\t \t\t\t\t\t\t\t\t\t<p class=\"elementor-icon-box-description\"> \t\t\t\t\t\tKh\u00f4ng gh\u00e9t b\u1ecf s\u1ef1 tr\u1ed1n ch\u1ea1y, v\u00e0 s\u1ef1 linh ho\u1ea1t! Tuy nhi\u00ean, kh\u00f4ng c\u00f3 m\u1ec7nh l\u1ec7nh ph\u00e1t sinh, ch\u00ednh l\u00e0 cu\u1ed9c s\u1ed1ng.\t\t\t\t\t<\/p> \t\t\t\t \t\t\t<\/div> \t\t\t \t\t<\/div> \t\t\t\t\t\t<\/div> \t\t\t\t<div class=\"elementor-element elementor-element-40a7ec6 elementor-widget elementor-widget-icon-box\" data-id=\"40a7ec6\" data-element_type=\"widget\" data-e-type=\"widget\" data-widget_type=\"icon-box.default\"> \t\t\t\t\t\t\t<div class=\"elementor-icon-box-wrapper\">  \t\t\t \t\t\t\t\t\t<div class=\"elementor-icon-box-content\">  \t\t\t\t\t\t\t\t\t<h5 class=\"elementor-icon-box-title\"> \t\t\t\t\t\t<span  > \t\t\t\t\t\t\tGi\u00e1 c\u1ea3 ph\u1ea3i ch\u0103ng\t\t\t\t\t\t<\/span> \t\t\t\t\t<\/h5> \t\t\t\t \t\t\t\t\t\t\t\t\t<p class=\"elementor-icon-box-description\"> \t\t\t\t\t\tKh\u00f4ng gh\u00e9t b\u1ecf s\u1ef1 tr\u1ed1n ch\u1ea1y, v\u00e0 s\u1ef1 linh ho\u1ea1t! Tuy nhi\u00ean, kh\u00f4ng c\u00f3 m\u1ec7nh l\u1ec7nh ph\u00e1t sinh, ch\u00ednh l\u00e0 cu\u1ed9c s\u1ed1ng.\t\t\t\t\t<\/p> \t\t\t\t \t\t\t<\/div> \t\t\t \t\t<\/div> \t\t\t\t\t\t<\/div> \t\t\t\t\t<\/div> \t\t<\/div> \t\t\t\t\t<\/div> \t\t<\/section> \t\t\t\t\t<\/div> \t\t<\/div> \t\t\t\t<div class=\"elementor-column elementor-col-50 elementor-top-column elementor-element elementor-element-dzpsyun\" data-id=\"dzpsyun\" data-element_type=\"column\" data-e-type=\"column\"> \t\t\t<div class=\"elementor-widget-wrap elementor-element-populated\"> \t\t\t\t\t\t<div class=\"elementor-element elementor-element-y51r6wh elementor-widget elementor-widget-image\" data-id=\"y51r6wh\" data-element_type=\"widget\" data-e-type=\"widget\" data-widget_type=\"image.default\"> \t\t\t\t\t\t\t\t\t\t\t\t\t\t\t<img fetchpriority=\"high\" decoding=\"async\" width=\"650\" height=\"400\" src=\"https:\/\/frenchfrymachine.com\/wp-content\/uploads\/2020\/04\/construction-image44.jpg\" class=\"attachment-large size-large wp-image-1190\" alt=\"\" srcset=\"https:\/\/frenchfrymachine.com\/wp-content\/uploads\/2020\/04\/construction-image44.jpg 650w, https:\/\/frenchfrymachine.com\/wp-content\/uploads\/2020\/04\/construction-image44-300x185.jpg 300w\" sizes=\"(max-width: 650px) 100vw, 650px\" title=\"\">\t\t\t\t\t\t\t\t\t\t\t\t\t\t\t<\/div> \t\t\t\t\t<\/div> \t\t<\/div> \t\t\t\t\t<\/div> \t\t<\/section> \t\t\t\t<section class=\"elementor-section elementor-top-section elementor-element elementor-element-0086c43 elementor-section-boxed elementor-section-height-default elementor-section-height-default\" data-id=\"0086c43\" data-element_type=\"section\" data-e-type=\"section\" data-settings=\"{&quot;background_background&quot;:&quot;classic&quot;}\"> \t\t\t\t\t\t\t<div class=\"elementor-background-overlay\"><\/div> \t\t\t\t\t\t\t<div class=\"elementor-container elementor-column-gap-no\"> \t\t\t\t\t<div class=\"elementor-column elementor-col-100 elementor-top-column elementor-element elementor-element-ac20ecb\" data-id=\"ac20ecb\" data-element_type=\"column\" data-e-type=\"column\"> \t\t\t<div class=\"elementor-widget-wrap elementor-element-populated\"> \t\t\t\t\t\t<div class=\"elementor-element elementor-element-08b0ff4 elementor-widget elementor-widget-heading\" data-id=\"08b0ff4\" data-element_type=\"widget\" data-e-type=\"widget\" data-widget_type=\"heading.default\"> \t\t\t\t\t<h3 class=\"elementor-heading-title elementor-size-default\">Ch\u00fang t\u00f4i cung c\u1ea5p d\u1ecbch v\u1ee5 t\u1ed1t nh\u1ea5t trong ng\u00e0nh<\/h3>\t\t\t\t<\/div> \t\t\t\t<div class=\"elementor-element elementor-element-e6928a8 elementor-widget elementor-widget-heading\" data-id=\"e6928a8\" data-element_type=\"widget\" data-e-type=\"widget\" data-widget_type=\"heading.default\"> \t\t\t\t\t<h5 class=\"elementor-heading-title elementor-size-default\">Th\u00eam m\u1ed9t d\u00f2ng cho ng\u01b0\u1eddi d\u00f9ng bi\u1ebft h\u1ecd c\u00f3 th\u1ec3 d\u1ec5 d\u00e0ng li\u00ean h\u1ec7 v\u1edbi b\u1ea1n nh\u01b0 th\u1ebf n\u00e0o <\/h5>\t\t\t\t<\/div> \t\t\t\t<div class=\"elementor-element elementor-element-e1e9601 elementor-align-center elementor-widget elementor-widget-button\" data-id=\"e1e9601\" data-element_type=\"widget\" data-e-type=\"widget\" data-widget_type=\"button.default\"> \t\t\t\t\t\t\t\t\t\t<a class=\"elementor-button elementor-button-link elementor-size-md\" href=\"http:\/\/contact-us\/\"> \t\t\t\t\t\t<span class=\"elementor-button-content-wrapper\"> \t\t\t\t\t\t\t\t\t<span class=\"elementor-button-text\">Li\u00ean h\u1ec7 v\u1edbi ch\u00fang t\u00f4i h\u00f4m nay<\/span> \t\t\t\t\t<\/span> \t\t\t\t\t<\/a> \t\t\t\t\t\t\t\t<\/div> \t\t\t\t\t<\/div> \t\t<\/div> \t\t\t\t\t<\/div> \t\t<\/section> \t\t\t\t<section class=\"elementor-section elementor-top-section elementor-element elementor-element-hjjzfpn elementor-section-boxed elementor-section-height-default elementor-section-height-default\" data-id=\"hjjzfpn\" data-element_type=\"section\" data-e-type=\"section\" data-settings=\"{&quot;background_background&quot;:&quot;classic&quot;}\"> \t\t\t\t\t\t<div class=\"elementor-container elementor-column-gap-default\"> \t\t\t\t\t<div class=\"elementor-column elementor-col-100 elementor-top-column elementor-element elementor-element-dlyrppc\" data-id=\"dlyrppc\" data-element_type=\"column\" data-e-type=\"column\"> \t\t\t<div class=\"elementor-widget-wrap elementor-element-populated\"> \t\t\t\t\t\t<section class=\"elementor-section elementor-inner-section elementor-element elementor-element-txlqrzf elementor-section-boxed elementor-section-height-default elementor-section-height-default\" data-id=\"txlqrzf\" data-element_type=\"section\" data-e-type=\"section\"> \t\t\t\t\t\t<div class=\"elementor-container elementor-column-gap-default\"> \t\t\t\t\t<div class=\"elementor-column elementor-col-50 elementor-inner-column elementor-element elementor-element-lcgonxf\" data-id=\"lcgonxf\" data-element_type=\"column\" data-e-type=\"column\"> \t\t\t<div class=\"elementor-widget-wrap elementor-element-populated\"> \t\t\t\t\t\t<div class=\"elementor-element elementor-element-5ead8e8 elementor-widget elementor-widget-heading\" data-id=\"5ead8e8\" data-element_type=\"widget\" data-e-type=\"widget\" data-widget_type=\"heading.default\"> \t\t\t\t\t<h2 class=\"elementor-heading-title elementor-size-default\">Chuy\u00ean m\u00f4n c\u1ee7a ch\u00fang t\u00f4i<\/h2>\t\t\t\t<\/div> \t\t\t\t<div class=\"elementor-element elementor-element-cb9e786 elementor-widget elementor-widget-text-editor\" data-id=\"cb9e786\" data-element_type=\"widget\" data-e-type=\"widget\" data-widget_type=\"text-editor.default\"> \t\t\t\t\t\t\t\t\t<p>B\u1ea1n c\u00f3 th\u1ec3 s\u1eed d\u1ee5ng c\u00e1c m\u1ee5c n\u00e0y \u0111\u1ec3 l\u00e0m n\u1ed5i b\u1eadt c\u00e1c t\u00ednh n\u0103ng c\u1ee7a ti\u00eau \u0111\u1ec1. S\u1eed d\u1ee5ng nh\u1eefng \u0111o\u1ea1n v\u0103n n\u00e0y \u0111\u1ec3 t\u1eadp trung v\u00e0o ch\u1ee7 \u0111\u1ec1 b\u1ea1n mu\u1ed1n. H\u00e3y ch\u1eafc ch\u1eafn gi\u1eef cho n\u00f3 ng\u1eafn g\u1ecdn v\u00e0 h\u1ea5p d\u1eabn.<\/p>\t\t\t\t\t\t\t\t<\/div> \t\t\t\t\t<\/div> \t\t<\/div> \t\t\t\t<div class=\"elementor-column elementor-col-50 elementor-inner-column elementor-element elementor-element-fxyqpbf\" data-id=\"fxyqpbf\" data-element_type=\"column\" data-e-type=\"column\"> \t\t\t<div class=\"elementor-widget-wrap\"> \t\t\t\t\t\t\t<\/div> \t\t<\/div> \t\t\t\t\t<\/div> \t\t<\/section> \t\t\t\t<section class=\"elementor-section elementor-inner-section elementor-element elementor-element-vppadgp elementor-section-boxed elementor-section-height-default elementor-section-height-default\" data-id=\"vppadgp\" data-element_type=\"section\" data-e-type=\"section\"> \t\t\t\t\t\t<div class=\"elementor-container elementor-column-gap-default\"> \t\t\t\t\t<div class=\"elementor-column elementor-col-33 elementor-inner-column elementor-element elementor-element-bcwoesu\" data-id=\"bcwoesu\" data-element_type=\"column\" data-e-type=\"column\"> \t\t\t<div class=\"elementor-widget-wrap elementor-element-populated\"> \t\t\t\t\t\t<div class=\"elementor-element elementor-element-b200c7f elementor-position-left elementor-vertical-align-top elementor-widget elementor-widget-image-box\" data-id=\"b200c7f\" data-element_type=\"widget\" data-e-type=\"widget\" data-widget_type=\"image-box.default\"> \t\t\t\t\t<div class=\"elementor-image-box-wrapper\"><figure class=\"elementor-image-box-img\"><img decoding=\"async\" width=\"40\" height=\"37\" src=\"https:\/\/frenchfrymachine.com\/wp-content\/uploads\/2020\/04\/construction-icon04-1.png\" class=\"attachment-full size-full wp-image-1191\" alt=\"\" title=\"\"><\/figure><div class=\"elementor-image-box-content\"><h4 class=\"elementor-image-box-title\">Ki\u1ebfn tr\u00fac<\/h4><p class=\"elementor-image-box-description\">M\u1ed9t m\u00f4 t\u1ea3 ng\u1eafn g\u1ecdn v\u1ec1 ch\u1ea5t l\u01b0\u1ee3ng n\u00e0y. H\u00e3y l\u00e0m nh\u1eefng d\u00f2ng n\u00e0y \u0111\u1ee7 h\u1ea5p d\u1eabn \u0111\u1ec3 ch\u1ee9ng t\u1ecf b\u1ea1n l\u00e0 ng\u01b0\u1eddi gi\u1ecfi nh\u1ea5t trong m\u1ecdi vi\u1ec7c b\u1ea1n l\u00e0m.<\/p><\/div><\/div>\t\t\t\t<\/div> \t\t\t\t<div class=\"elementor-element elementor-element-02c6549 elementor-position-left elementor-vertical-align-top elementor-widget elementor-widget-image-box\" data-id=\"02c6549\" data-element_type=\"widget\" data-e-type=\"widget\" data-widget_type=\"image-box.default\"> \t\t\t\t\t<div class=\"elementor-image-box-wrapper\"><figure class=\"elementor-image-box-img\"><img decoding=\"async\" width=\"40\" height=\"40\" src=\"https:\/\/frenchfrymachine.com\/wp-content\/uploads\/2017\/07\/construction-icon05-free-img.png\" class=\"attachment-full size-full wp-image-54\" alt=\"\" title=\"\"><\/figure><div class=\"elementor-image-box-content\"><h4 class=\"elementor-image-box-title\">Thi\u1ebft k\u1ebf ngo\u1ea1i th\u1ea5t<\/h4><p class=\"elementor-image-box-description\">M\u1ed9t m\u00f4 t\u1ea3 ng\u1eafn g\u1ecdn v\u1ec1 ch\u1ea5t l\u01b0\u1ee3ng n\u00e0y. H\u00e3y l\u00e0m nh\u1eefng d\u00f2ng n\u00e0y \u0111\u1ee7 h\u1ea5p d\u1eabn \u0111\u1ec3 ch\u1ee9ng t\u1ecf b\u1ea1n l\u00e0 ng\u01b0\u1eddi gi\u1ecfi nh\u1ea5t trong m\u1ecdi vi\u1ec7c b\u1ea1n l\u00e0m.<\/p><\/div><\/div>\t\t\t\t<\/div> \t\t\t\t\t<\/div> \t\t<\/div> \t\t\t\t<div class=\"elementor-column elementor-col-33 elementor-inner-column elementor-element elementor-element-gksccur\" data-id=\"gksccur\" data-element_type=\"column\" data-e-type=\"column\"> \t\t\t<div class=\"elementor-widget-wrap elementor-element-populated\"> \t\t\t\t\t\t<div class=\"elementor-element elementor-element-2d3e43d elementor-position-left elementor-vertical-align-top elementor-widget elementor-widget-image-box\" data-id=\"2d3e43d\" data-element_type=\"widget\" data-e-type=\"widget\" data-widget_type=\"image-box.default\"> \t\t\t\t\t<div class=\"elementor-image-box-wrapper\"><figure class=\"elementor-image-box-img\"><img loading=\"lazy\" decoding=\"async\" width=\"40\" height=\"29\" src=\"https:\/\/frenchfrymachine.com\/wp-content\/uploads\/2017\/07\/construction-icon07-free-img.png\" class=\"attachment-full size-full wp-image-57\" alt=\"\" title=\"\"><\/figure><div class=\"elementor-image-box-content\"><h4 class=\"elementor-image-box-title\">Thi\u1ebft k\u1ebf c\u1ea3nh quan<\/h4><p class=\"elementor-image-box-description\">M\u1ed9t m\u00f4 t\u1ea3 ng\u1eafn g\u1ecdn v\u1ec1 ch\u1ea5t l\u01b0\u1ee3ng n\u00e0y. H\u00e3y l\u00e0m nh\u1eefng d\u00f2ng n\u00e0y \u0111\u1ee7 h\u1ea5p d\u1eabn \u0111\u1ec3 ch\u1ee9ng t\u1ecf b\u1ea1n l\u00e0 ng\u01b0\u1eddi gi\u1ecfi nh\u1ea5t trong m\u1ecdi vi\u1ec7c b\u1ea1n l\u00e0m.<\/p><\/div><\/div>\t\t\t\t<\/div> \t\t\t\t<div class=\"elementor-element elementor-element-6e701f3 elementor-position-left elementor-vertical-align-top elementor-widget elementor-widget-image-box\" data-id=\"6e701f3\" data-element_type=\"widget\" data-e-type=\"widget\" data-widget_type=\"image-box.default\"> \t\t\t\t\t<div class=\"elementor-image-box-wrapper\"><figure class=\"elementor-image-box-img\"><img loading=\"lazy\" decoding=\"async\" width=\"40\" height=\"43\" src=\"https:\/\/frenchfrymachine.com\/wp-content\/uploads\/2017\/07\/construction-icon06-free-img.png\" class=\"attachment-full size-full wp-image-56\" alt=\"\" title=\"\"><\/figure><div class=\"elementor-image-box-content\"><h4 class=\"elementor-image-box-title\">L\u1eadp k\u1ebf ho\u1ea1ch<\/h4><p class=\"elementor-image-box-description\">M\u1ed9t m\u00f4 t\u1ea3 ng\u1eafn g\u1ecdn v\u1ec1 ch\u1ea5t l\u01b0\u1ee3ng n\u00e0y. H\u00e3y l\u00e0m nh\u1eefng d\u00f2ng n\u00e0y \u0111\u1ee7 h\u1ea5p d\u1eabn \u0111\u1ec3 ch\u1ee9ng t\u1ecf b\u1ea1n l\u00e0 ng\u01b0\u1eddi gi\u1ecfi nh\u1ea5t trong m\u1ecdi vi\u1ec7c b\u1ea1n l\u00e0m.<\/p><\/div><\/div>\t\t\t\t<\/div> \t\t\t\t\t<\/div> \t\t<\/div> \t\t\t\t<div class=\"elementor-column elementor-col-33 elementor-inner-column elementor-element elementor-element-zrkfmgv\" data-id=\"zrkfmgv\" data-element_type=\"column\" data-e-type=\"column\"> \t\t\t<div class=\"elementor-widget-wrap elementor-element-populated\"> \t\t\t\t\t\t<div class=\"elementor-element elementor-element-e99f570 elementor-position-left elementor-vertical-align-top elementor-widget elementor-widget-image-box\" data-id=\"e99f570\" data-element_type=\"widget\" data-e-type=\"widget\" data-widget_type=\"image-box.default\"> \t\t\t\t\t<div class=\"elementor-image-box-wrapper\"><figure class=\"elementor-image-box-img\"><img loading=\"lazy\" decoding=\"async\" width=\"40\" height=\"30\" src=\"https:\/\/frenchfrymachine.com\/wp-content\/uploads\/2017\/07\/construction-icon09-free-img.png\" class=\"attachment-full size-full wp-image-59\" alt=\"\" title=\"\"><\/figure><div class=\"elementor-image-box-content\"><h4 class=\"elementor-image-box-title\">Thi\u1ebft k\u1ebf \u0111\u1ed3 n\u1ed9i th\u1ea5t<\/h4><p class=\"elementor-image-box-description\">M\u1ed9t m\u00f4 t\u1ea3 ng\u1eafn g\u1ecdn v\u1ec1 ch\u1ea5t l\u01b0\u1ee3ng n\u00e0y. H\u00e3y l\u00e0m nh\u1eefng d\u00f2ng n\u00e0y \u0111\u1ee7 h\u1ea5p d\u1eabn \u0111\u1ec3 ch\u1ee9ng t\u1ecf b\u1ea1n l\u00e0 ng\u01b0\u1eddi gi\u1ecfi nh\u1ea5t trong m\u1ecdi vi\u1ec7c b\u1ea1n l\u00e0m.<\/p><\/div><\/div>\t\t\t\t<\/div> \t\t\t\t<div class=\"elementor-element elementor-element-0ed8c31 elementor-position-left elementor-vertical-align-top elementor-widget elementor-widget-image-box\" data-id=\"0ed8c31\" data-element_type=\"widget\" data-e-type=\"widget\" data-widget_type=\"image-box.default\"> \t\t\t\t\t<div class=\"elementor-image-box-wrapper\"><figure class=\"elementor-image-box-img\"><img loading=\"lazy\" decoding=\"async\" width=\"40\" height=\"44\" src=\"https:\/\/frenchfrymachine.com\/wp-content\/uploads\/2017\/07\/construction-icon08-free-img.png\" class=\"attachment-full size-full wp-image-58\" alt=\"\" title=\"\"><\/figure><div class=\"elementor-image-box-content\"><h4 class=\"elementor-image-box-title\">Thi\u1ebft k\u1ebf n\u1ed9i th\u1ea5t<\/h4><p class=\"elementor-image-box-description\">M\u1ed9t m\u00f4 t\u1ea3 ng\u1eafn g\u1ecdn v\u1ec1 ch\u1ea5t l\u01b0\u1ee3ng n\u00e0y. H\u00e3y l\u00e0m nh\u1eefng d\u00f2ng n\u00e0y \u0111\u1ee7 h\u1ea5p d\u1eabn \u0111\u1ec3 ch\u1ee9ng t\u1ecf b\u1ea1n l\u00e0 ng\u01b0\u1eddi gi\u1ecfi nh\u1ea5t trong m\u1ecdi vi\u1ec7c b\u1ea1n l\u00e0m.<\/p><\/div><\/div>\t\t\t\t<\/div> \t\t\t\t\t<\/div> \t\t<\/div> \t\t\t\t\t<\/div> \t\t<\/section> \t\t\t\t\t<\/div> \t\t<\/div> \t\t\t\t\t<\/div> \t\t<\/section> \t\t\t\t<\/div>","protected":false},"excerpt":{"rendered":"","protected":false},"author":1,"featured_media":0,"parent":0,"menu_order":0,"comment_status":"closed","ping_status":"closed","template":"","meta":{"site-sidebar-layout":"no-sidebar","site-content-layout":"page-builder","ast-site-content-layout":"default","site-content-style":"default","site-sidebar-style":"default","ast-global-header-display":"","ast-banner-title-visibility":"","ast-main-header-display":"","ast-hfb-above-header-display":"","ast-hfb-below-header-display":"","ast-hfb-mobile-header-display":"","site-post-title":"disabled","ast-breadcrumbs-content":"","ast-featured-img":"disabled","footer-sml-layout":"","ast-disable-related-posts":"","theme-transparent-header-meta":"","adv-header-id-meta":"","stick-header-meta":"","header-above-stick-meta":"","header-main-stick-meta":"","header-below-stick-meta":"","astra-migrate-meta-layouts":"default","ast-page-background-enabled":"default","ast-page-background-meta":{"desktop":{"background-color":"","background-image":"","background-repeat":"repeat","background-position":"center center","background-size":"auto","background-attachment":"scroll","background-type":"","background-media":"","overlay-type":"","overlay-color":"","overlay-opacity":"","overlay-gradient":""},"tablet":{"background-color":"","background-image":"","background-repeat":"repeat","background-position":"center center","background-size":"auto","background-attachment":"scroll","background-type":"","background-media":"","overlay-type":"","overlay-color":"","overlay-opacity":"","overlay-gradient":""},"mobile":{"background-color":"","background-image":"","background-repeat":"repeat","background-position":"center center","background-size":"auto","background-attachment":"scroll","background-type":"","background-media":"","overlay-type":"","overlay-color":"","overlay-opacity":"","overlay-gradient":""}},"ast-content-background-meta":{"desktop":{"background-color":"var(--ast-global-color-5)","background-image":"","background-repeat":"repeat","background-position":"center center","background-size":"auto","background-attachment":"scroll","background-type":"","background-media":"","overlay-type":"","overlay-color":"","overlay-opacity":"","overlay-gradient":""},"tablet":{"background-color":"var(--ast-global-color-5)","background-image":"","background-repeat":"repeat","background-position":"center center","background-size":"auto","background-attachment":"scroll","background-type":"","background-media":"","overlay-type":"","overlay-color":"","overlay-opacity":"","overlay-gradient":""},"mobile":{"background-color":"var(--ast-global-color-5)","background-image":"","background-repeat":"repeat","background-position":"center center","background-size":"auto","background-attachment":"scroll","background-type":"","background-media":"","overlay-type":"","overlay-color":"","overlay-opacity":"","overlay-gradient":""}},"footnotes":""},"class_list":["post-72","page","type-page","status-publish","hentry"],"_links":{"self":[{"href":"https:\/\/frenchfrymachine.com\/vi\/wp-json\/wp\/v2\/pages\/72","targetHints":{"allow":["GET"]}}],"collection":[{"href":"https:\/\/frenchfrymachine.com\/vi\/wp-json\/wp\/v2\/pages"}],"about":[{"href":"https:\/\/frenchfrymachine.com\/vi\/wp-json\/wp\/v2\/types\/page"}],"author":[{"embeddable":true,"href":"https:\/\/frenchfrymachine.com\/vi\/wp-json\/wp\/v2\/users\/1"}],"replies":[{"embeddable":true,"href":"https:\/\/frenchfrymachine.com\/vi\/wp-json\/wp\/v2\/comments?post=72"}],"version-history":[{"count":0,"href":"https:\/\/frenchfrymachine.com\/vi\/wp-json\/wp\/v2\/pages\/72\/revisions"}],"wp:attachment":[{"href":"https:\/\/frenchfrymachine.com\/vi\/wp-json\/wp\/v2\/media?parent=72"}],"curies":[{"name":"wp","href":"https:\/\/api.w.org\/{rel}","templated":true}]}}