{"id":73,"date":"2017-07-12T05:54:01","date_gmt":"2017-07-12T05:54:01","guid":{"rendered":"https:\/\/frenchfrymachine.com\/contact-us\/"},"modified":"2025-08-22T14:34:44","modified_gmt":"2025-08-22T06:34:44","slug":"contact-us","status":"publish","type":"page","link":"https:\/\/frenchfrymachine.com\/es\/contact-us\/","title":{"rendered":"Cont\u00e1ctenos"},"content":{"rendered":"<div data-elementor-type=\"wp-post\" data-elementor-id=\"73\" class=\"elementor elementor-73\" data-elementor-post-type=\"page\"> \t\t\t\t<div class=\"elementor-element elementor-element-01a3c54 e-flex e-con-boxed e-con e-parent\" data-id=\"01a3c54\" data-element_type=\"container\" data-e-type=\"container\" data-settings=\"{&quot;background_background&quot;:&quot;classic&quot;}\"> \t\t\t\t\t<div class=\"e-con-inner\"> \t\t\t\t<div class=\"elementor-element elementor-element-c66bca1 elementor-widget elementor-widget-heading\" data-id=\"c66bca1\" data-element_type=\"widget\" data-e-type=\"widget\" data-widget_type=\"heading.default\"> \t\t\t\t\t<h1 class=\"elementor-heading-title elementor-size-default\">Cont\u00e1ctenos<\/h1>\t\t\t\t<\/div> \t\t\t\t\t<\/div> \t\t\t\t<\/div> \t\t<div class=\"elementor-element elementor-element-04e9ce5 e-flex e-con-boxed e-con e-parent\" data-id=\"04e9ce5\" data-element_type=\"container\" data-e-type=\"container\"> \t\t\t\t\t<div class=\"e-con-inner\"> \t\t\t\t<div class=\"elementor-element elementor-element-7029a69 elementor-widget__width-initial elementor-position-top elementor-widget elementor-widget-image-box\" data-id=\"7029a69\" data-element_type=\"widget\" data-e-type=\"widget\" data-widget_type=\"image-box.default\"> \t\t\t\t\t<div class=\"elementor-image-box-wrapper\"><figure class=\"elementor-image-box-img\"><img decoding=\"async\" width=\"60\" height=\"60\" src=\"https:\/\/frenchfrymachine.com\/wp-content\/uploads\/2017\/07\/construction-icon26-1-free-img.png\" class=\"attachment-full size-full wp-image-368\" alt=\"\" title=\"\"><\/figure><div class=\"elementor-image-box-content\"><h4 class=\"elementor-image-box-title\">Env\u00edenos un correo electr\u00f3nico<\/h4><p class=\"elementor-image-box-description\">Correo electr\u00f3nico oficial: info@frenchfrymachine.com<\/p><\/div><\/div>\t\t\t\t<\/div> \t\t\t\t<div class=\"elementor-element elementor-element-5a60110 elementor-widget__width-initial elementor-position-top elementor-widget elementor-widget-image-box\" data-id=\"5a60110\" data-element_type=\"widget\" data-e-type=\"widget\" data-widget_type=\"image-box.default\"> \t\t\t\t\t<div class=\"elementor-image-box-wrapper\"><figure class=\"elementor-image-box-img\"><img decoding=\"async\" width=\"60\" height=\"60\" src=\"https:\/\/frenchfrymachine.com\/wp-content\/uploads\/2020\/04\/construction-icon27.png\" class=\"attachment-full size-full wp-image-1189\" alt=\"\" title=\"\"><\/figure><div class=\"elementor-image-box-content\"><h4 class=\"elementor-image-box-title\">Ll\u00e1manos<\/h4><p class=\"elementor-image-box-description\">WhatsApp\/Tel\/WeChat: +86 19139754781<\/p><\/div><\/div>\t\t\t\t<\/div> \t\t\t\t<div class=\"elementor-element elementor-element-a760495 elementor-widget__width-initial elementor-position-top elementor-widget elementor-widget-image-box\" data-id=\"a760495\" data-element_type=\"widget\" data-e-type=\"widget\" data-widget_type=\"image-box.default\"> \t\t\t\t\t<div class=\"elementor-image-box-wrapper\"><figure class=\"elementor-image-box-img\"><img decoding=\"async\" width=\"60\" height=\"60\" src=\"https:\/\/frenchfrymachine.com\/wp-content\/uploads\/2017\/07\/construction-icon25-free-img.png\" class=\"attachment-full size-full wp-image-366\" alt=\"\" title=\"\"><\/figure><div class=\"elementor-image-box-content\"><h4 class=\"elementor-image-box-title\">Vis\u00edtanos<\/h4><p class=\"elementor-image-box-description\">Carretera N\u00e1utica Este, Zona de Desarrollo Econ\u00f3mico de Zhengzhou, Henan, China.<\/p><\/div><\/div>\t\t\t\t<\/div> \t\t\t\t\t<\/div> \t\t\t\t<\/div> \t\t\t\t<\/div>","protected":false},"excerpt":{"rendered":"<p>Cont\u00e1ctenos Env\u00edenos un correo electr\u00f3nico: info@frenchfrymachine.com Ll\u00e1menos WhatsApp\/Tel\/WeChat: +86 19139754781 Vis\u00edtenos Camino N\u00e1utico Este, Zona de Desarrollo Econ\u00f3mico de Zhengzhou, Henan, China.<\/p>","protected":false},"author":1,"featured_media":0,"parent":0,"menu_order":0,"comment_status":"closed","ping_status":"closed","template":"","meta":{"site-sidebar-layout":"no-sidebar","site-content-layout":"page-builder","ast-site-content-layout":"default","site-content-style":"default","site-sidebar-style":"default","ast-global-header-display":"","ast-banner-title-visibility":"","ast-main-header-display":"","ast-hfb-above-header-display":"","ast-hfb-below-header-display":"","ast-hfb-mobile-header-display":"","site-post-title":"disabled","ast-breadcrumbs-content":"","ast-featured-img":"disabled","footer-sml-layout":"","ast-disable-related-posts":"","theme-transparent-header-meta":"default","adv-header-id-meta":"","stick-header-meta":"default","header-above-stick-meta":"","header-main-stick-meta":"","header-below-stick-meta":"","astra-migrate-meta-layouts":"default","ast-page-background-enabled":"default","ast-page-background-meta":{"desktop":{"background-color":"","background-image":"","background-repeat":"repeat","background-position":"center center","background-size":"auto","background-attachment":"scroll","background-type":"","background-media":"","overlay-type":"","overlay-color":"","overlay-opacity":"","overlay-gradient":""},"tablet":{"background-color":"","background-image":"","background-repeat":"repeat","background-position":"center center","background-size":"auto","background-attachment":"scroll","background-type":"","background-media":"","overlay-type":"","overlay-color":"","overlay-opacity":"","overlay-gradient":""},"mobile":{"background-color":"","background-image":"","background-repeat":"repeat","background-position":"center center","background-size":"auto","background-attachment":"scroll","background-type":"","background-media":"","overlay-type":"","overlay-color":"","overlay-opacity":"","overlay-gradient":""}},"ast-content-background-meta":{"desktop":{"background-color":"var(--ast-global-color-5)","background-image":"","background-repeat":"repeat","background-position":"center center","background-size":"auto","background-attachment":"scroll","background-type":"","background-media":"","overlay-type":"","overlay-color":"","overlay-opacity":"","overlay-gradient":""},"tablet":{"background-color":"var(--ast-global-color-5)","background-image":"","background-repeat":"repeat","background-position":"center center","background-size":"auto","background-attachment":"scroll","background-type":"","background-media":"","overlay-type":"","overlay-color":"","overlay-opacity":"","overlay-gradient":""},"mobile":{"background-color":"var(--ast-global-color-5)","background-image":"","background-repeat":"repeat","background-position":"center center","background-size":"auto","background-attachment":"scroll","background-type":"","background-media":"","overlay-type":"","overlay-color":"","overlay-opacity":"","overlay-gradient":""}},"footnotes":""},"class_list":["post-73","page","type-page","status-publish","hentry"],"_links":{"self":[{"href":"https:\/\/frenchfrymachine.com\/es\/wp-json\/wp\/v2\/pages\/73","targetHints":{"allow":["GET"]}}],"collection":[{"href":"https:\/\/frenchfrymachine.com\/es\/wp-json\/wp\/v2\/pages"}],"about":[{"href":"https:\/\/frenchfrymachine.com\/es\/wp-json\/wp\/v2\/types\/page"}],"author":[{"embeddable":true,"href":"https:\/\/frenchfrymachine.com\/es\/wp-json\/wp\/v2\/users\/1"}],"replies":[{"embeddable":true,"href":"https:\/\/frenchfrymachine.com\/es\/wp-json\/wp\/v2\/comments?post=73"}],"version-history":[{"count":0,"href":"https:\/\/frenchfrymachine.com\/es\/wp-json\/wp\/v2\/pages\/73\/revisions"}],"wp:attachment":[{"href":"https:\/\/frenchfrymachine.com\/es\/wp-json\/wp\/v2\/media?parent=73"}],"curies":[{"name":"wp","href":"https:\/\/api.w.org\/{rel}","templated":true}]}}