{"id":71,"date":"2017-07-12T05:53:59","date_gmt":"2017-07-12T05:53:59","guid":{"rendered":"https:\/\/frenchfrymachine.com\/about\/"},"modified":"2020-05-15T07:36:55","modified_gmt":"2020-05-15T07:36:55","slug":"about","status":"publish","type":"page","link":"https:\/\/frenchfrymachine.com\/es\/about\/","title":{"rendered":"Acerca de"},"content":{"rendered":"<div data-elementor-type=\"wp-post\" data-elementor-id=\"71\" class=\"elementor elementor-71\" data-elementor-post-type=\"page\"> \t\t\t\t\t\t<section class=\"elementor-section elementor-top-section elementor-element elementor-element-fapomye elementor-section-content-bottom elementor-section-boxed elementor-section-height-default elementor-section-height-default\" data-id=\"fapomye\" data-element_type=\"section\" data-e-type=\"section\"> \t\t\t\t\t\t<div class=\"elementor-container elementor-column-gap-default\"> \t\t\t\t\t<div class=\"elementor-column elementor-col-50 elementor-top-column elementor-element elementor-element-9u16jx9\" data-id=\"9u16jx9\" data-element_type=\"column\" data-e-type=\"column\"> \t\t\t<div class=\"elementor-widget-wrap elementor-element-populated\"> \t\t\t\t\t\t<div class=\"elementor-element elementor-element-krsap84 elementor-widget elementor-widget-heading\" data-id=\"krsap84\" data-element_type=\"widget\" data-e-type=\"widget\" data-widget_type=\"heading.default\"> \t\t\t\t\t<h2 class=\"elementor-heading-title elementor-size-default\">Perfil de Taizy<\/h2>\t\t\t\t<\/div> \t\t\t\t<div class=\"elementor-element elementor-element-8df2fe0 elementor-widget elementor-widget-text-editor\" data-id=\"8df2fe0\" data-element_type=\"widget\" data-e-type=\"widget\" data-widget_type=\"text-editor.default\"> \t\t\t\t\t\t\t\t\t<p>Taizy Machinery ha desarrollado y fabricado una serie de maquinaria para procesamiento de alimentos fritos en los \u00faltimos diez a\u00f1os. Las categor\u00edas principales incluyen la l\u00ednea de procesamiento de pasta frita, la l\u00ednea de producci\u00f3n de nueces fritas, la l\u00ednea de producci\u00f3n de productos c\u00e1rnicos fritos y la l\u00ednea de producci\u00f3n de vegetales fritos. Nuestras m\u00e1quinas de alimentos fritos se suministran principalmente a plantas procesadoras de alimentos, restaurantes, comedores escolares, distribuidores de maquinaria y agentes grandes, medianos y peque\u00f1os en varios pa\u00edses. Adem\u00e1s de proporcionar un conjunto completo de l\u00edneas de procesamiento de alimentos fritos y soluciones de producci\u00f3n detalladas, tambi\u00e9n proporcionamos a los clientes equipos auxiliares para la l\u00ednea de producci\u00f3n, accesorios y piezas de desgaste para equipos, instrucciones de instalaci\u00f3n y funcionamiento de equipos, etc. Nos esforzamos por servir bien a cada cliente. , br\u00edndeles equipos para fre\u00edr de alta calidad y un servicio al cliente perfecto, y establezca una relaci\u00f3n de cooperaci\u00f3n a largo plazo.<\/p>\t\t\t\t\t\t\t\t<\/div> \t\t\t\t<section class=\"elementor-section elementor-inner-section elementor-element elementor-element-j5d0pvk elementor-section-boxed elementor-section-height-default elementor-section-height-default\" data-id=\"j5d0pvk\" data-element_type=\"section\" data-e-type=\"section\"> \t\t\t\t\t\t<div class=\"elementor-container elementor-column-gap-default\"> \t\t\t\t\t<div class=\"elementor-column elementor-col-50 elementor-inner-column elementor-element elementor-element-roqmyf7\" data-id=\"roqmyf7\" data-element_type=\"column\" data-e-type=\"column\"> \t\t\t<div class=\"elementor-widget-wrap elementor-element-populated\"> \t\t\t\t\t\t<div class=\"elementor-element elementor-element-xc48swb elementor-align-start elementor-mobile-align-start elementor-icon-list--layout-traditional elementor-list-item-link-full_width elementor-widget elementor-widget-icon-list\" data-id=\"xc48swb\" data-element_type=\"widget\" data-e-type=\"widget\" data-widget_type=\"icon-list.default\"> \t\t\t\t\t\t\t<ul class=\"elementor-icon-list-items\"> \t\t\t\t\t\t\t<li class=\"elementor-icon-list-item\"> \t\t\t\t\t\t\t\t\t\t\t<span class=\"elementor-icon-list-icon\"> \t\t\t\t\t\t\t<svg aria-hidden=\"true\" class=\"e-font-icon-svg e-far-arrow-alt-circle-right\" viewbox=\"0 0 512 512\" xmlns=\"http:\/\/www.w3.org\/2000\/svg\"><path d=\"M504 256C504 119 393 8 256 8S8 119 8 256s111 248 248 248 248-111 248-248zm-448 0c0-110.5 89.5-200 200-200s200 89.5 200 200-89.5 200-200 200S56 366.5 56 256zm72 20v-40c0-6.6 5.4-12 12-12h116v-67c0-10.7 12.9-16 20.5-8.5l99 99c4.7 4.7 4.7 12.3 0 17l-99 99c-7.6 7.6-20.5 2.2-20.5-8.5v-67H140c-6.6 0-12-5.4-12-12z\"><\/path><\/svg>\t\t\t\t\t\t<\/span> \t\t\t\t\t\t\t\t\t\t<span class=\"elementor-icon-list-text\"> Fabricaci\u00f3n estricta<\/span> \t\t\t\t\t\t\t\t\t<\/li> \t\t\t\t\t\t\t\t<li class=\"elementor-icon-list-item\"> \t\t\t\t\t\t\t\t\t\t\t<span class=\"elementor-icon-list-icon\"> \t\t\t\t\t\t\t<svg aria-hidden=\"true\" class=\"e-font-icon-svg e-far-arrow-alt-circle-right\" viewbox=\"0 0 512 512\" xmlns=\"http:\/\/www.w3.org\/2000\/svg\"><path d=\"M504 256C504 119 393 8 256 8S8 119 8 256s111 248 248 248 248-111 248-248zm-448 0c0-110.5 89.5-200 200-200s200 89.5 200 200-89.5 200-200 200S56 366.5 56 256zm72 20v-40c0-6.6 5.4-12 12-12h116v-67c0-10.7 12.9-16 20.5-8.5l99 99c4.7 4.7 4.7 12.3 0 17l-99 99c-7.6 7.6-20.5 2.2-20.5-8.5v-67H140c-6.6 0-12-5.4-12-12z\"><\/path><\/svg>\t\t\t\t\t\t<\/span> \t\t\t\t\t\t\t\t\t\t<span class=\"elementor-icon-list-text\"> Mensajer\u00eda instant\u00e1nea<\/span> \t\t\t\t\t\t\t\t\t<\/li> \t\t\t\t\t\t<\/ul> \t\t\t\t\t\t<\/div> \t\t\t\t\t<\/div> \t\t<\/div> \t\t\t\t<div class=\"elementor-column elementor-col-50 elementor-inner-column elementor-element elementor-element-1idrfkj\" data-id=\"1idrfkj\" data-element_type=\"column\" data-e-type=\"column\"> \t\t\t<div class=\"elementor-widget-wrap elementor-element-populated\"> \t\t\t\t\t\t<div class=\"elementor-element elementor-element-f2db96c elementor-align-start elementor-mobile-align-start elementor-icon-list--layout-traditional elementor-list-item-link-full_width elementor-widget elementor-widget-icon-list\" data-id=\"f2db96c\" data-element_type=\"widget\" data-e-type=\"widget\" data-widget_type=\"icon-list.default\"> \t\t\t\t\t\t\t<ul class=\"elementor-icon-list-items\"> \t\t\t\t\t\t\t<li class=\"elementor-icon-list-item\"> \t\t\t\t\t\t\t\t\t\t\t<span class=\"elementor-icon-list-icon\"> \t\t\t\t\t\t\t<svg aria-hidden=\"true\" class=\"e-font-icon-svg e-far-arrow-alt-circle-right\" viewbox=\"0 0 512 512\" xmlns=\"http:\/\/www.w3.org\/2000\/svg\"><path d=\"M504 256C504 119 393 8 256 8S8 119 8 256s111 248 248 248 248-111 248-248zm-448 0c0-110.5 89.5-200 200-200s200 89.5 200 200-89.5 200-200 200S56 366.5 56 256zm72 20v-40c0-6.6 5.4-12 12-12h116v-67c0-10.7 12.9-16 20.5-8.5l99 99c4.7 4.7 4.7 12.3 0 17l-99 99c-7.6 7.6-20.5 2.2-20.5-8.5v-67H140c-6.6 0-12-5.4-12-12z\"><\/path><\/svg>\t\t\t\t\t\t<\/span> \t\t\t\t\t\t\t\t\t\t<span class=\"elementor-icon-list-text\">cotizaci\u00f3n razonable<\/span> \t\t\t\t\t\t\t\t\t<\/li> \t\t\t\t\t\t\t\t<li class=\"elementor-icon-list-item\"> \t\t\t\t\t\t\t\t\t\t\t<span class=\"elementor-icon-list-icon\"> \t\t\t\t\t\t\t<svg aria-hidden=\"true\" class=\"e-font-icon-svg e-far-arrow-alt-circle-right\" viewbox=\"0 0 512 512\" xmlns=\"http:\/\/www.w3.org\/2000\/svg\"><path d=\"M504 256C504 119 393 8 256 8S8 119 8 256s111 248 248 248 248-111 248-248zm-448 0c0-110.5 89.5-200 200-200s200 89.5 200 200-89.5 200-200 200S56 366.5 56 256zm72 20v-40c0-6.6 5.4-12 12-12h116v-67c0-10.7 12.9-16 20.5-8.5l99 99c4.7 4.7 4.7 12.3 0 17l-99 99c-7.6 7.6-20.5 2.2-20.5-8.5v-67H140c-6.6 0-12-5.4-12-12z\"><\/path><\/svg>\t\t\t\t\t\t<\/span> \t\t\t\t\t\t\t\t\t\t<span class=\"elementor-icon-list-text\">Garant\u00eda postventa<\/span> \t\t\t\t\t\t\t\t\t<\/li> \t\t\t\t\t\t<\/ul> \t\t\t\t\t\t<\/div> \t\t\t\t\t<\/div> \t\t<\/div> \t\t\t\t\t<\/div> \t\t<\/section> \t\t\t\t\t<\/div> \t\t<\/div> \t\t\t\t<div class=\"elementor-column elementor-col-50 elementor-top-column elementor-element elementor-element-jk2hlai\" data-id=\"jk2hlai\" data-element_type=\"column\" data-e-type=\"column\"> \t\t\t<div class=\"elementor-widget-wrap elementor-element-populated\"> \t\t\t\t\t\t<div class=\"elementor-element elementor-element-b4oo6jw elementor-widget elementor-widget-image\" data-id=\"b4oo6jw\" data-element_type=\"widget\" data-e-type=\"widget\" data-widget_type=\"image.default\"> \t\t\t\t\t\t\t\t\t\t\t\t\t\t\t<img fetchpriority=\"high\" decoding=\"async\" width=\"650\" height=\"400\" src=\"https:\/\/frenchfrymachine.com\/wp-content\/uploads\/2020\/01\/project1.jpg\" class=\"attachment-full size-full wp-image-1149\" alt=\"\" srcset=\"https:\/\/frenchfrymachine.com\/wp-content\/uploads\/2020\/01\/project1.jpg 650w, https:\/\/frenchfrymachine.com\/wp-content\/uploads\/2020\/01\/project1-300x185.jpg 300w\" sizes=\"(max-width: 650px) 100vw, 650px\" title=\"\">\t\t\t\t\t\t\t\t\t\t\t\t\t\t\t<\/div> \t\t\t\t\t<\/div> \t\t<\/div> \t\t\t\t\t<\/div> \t\t<\/section> \t\t\t\t<section class=\"elementor-section elementor-top-section elementor-element elementor-element-a16t7bl elementor-section-boxed elementor-section-height-default elementor-section-height-default\" data-id=\"a16t7bl\" data-element_type=\"section\" data-e-type=\"section\" data-settings=\"{&quot;background_background&quot;:&quot;classic&quot;}\"> \t\t\t\t\t\t\t<div class=\"elementor-background-overlay\"><\/div> \t\t\t\t\t\t\t<div class=\"elementor-container elementor-column-gap-no\"> \t\t\t\t\t<div class=\"elementor-column elementor-col-100 elementor-top-column elementor-element elementor-element-amc39wt\" data-id=\"amc39wt\" data-element_type=\"column\" data-e-type=\"column\"> \t\t\t<div class=\"elementor-widget-wrap elementor-element-populated\"> \t\t\t\t\t\t<div class=\"elementor-element elementor-element-7521ca1 elementor-widget elementor-widget-heading\" data-id=\"7521ca1\" data-element_type=\"widget\" data-e-type=\"widget\" data-widget_type=\"heading.default\"> \t\t\t\t\t<h3 class=\"elementor-heading-title elementor-size-default\">Elegirnos es igual a elegir calidad y beneficio.<\/h3>\t\t\t\t<\/div> \t\t\t\t<div class=\"elementor-element elementor-element-5b813a0 elementor-widget elementor-widget-heading\" data-id=\"5b813a0\" data-element_type=\"widget\" data-e-type=\"widget\" data-widget_type=\"heading.default\"> \t\t\t\t\t<h5 class=\"elementor-heading-title elementor-size-default\">Fabricante de maquinaria para frituras.<\/h5>\t\t\t\t<\/div> \t\t\t\t<div class=\"elementor-element elementor-element-de64e2a elementor-align-center elementor-widget elementor-widget-button\" data-id=\"de64e2a\" data-element_type=\"widget\" data-e-type=\"widget\" data-widget_type=\"button.default\"> \t\t\t\t\t\t\t\t\t\t<a class=\"elementor-button elementor-button-link elementor-size-md\" href=\"http:\/\/contact-us\/\"> \t\t\t\t\t\t<span class=\"elementor-button-content-wrapper\"> \t\t\t\t\t\t\t\t\t<span class=\"elementor-button-text\">P\u00f3ngase en contacto con nosotros hoy<\/span> \t\t\t\t\t<\/span> \t\t\t\t\t<\/a> \t\t\t\t\t\t\t\t<\/div> \t\t\t\t\t<\/div> \t\t<\/div> \t\t\t\t\t<\/div> \t\t<\/section> \t\t\t\t<\/div>","protected":false},"excerpt":{"rendered":"<p>Taizy Profile Taizy machinery has developed and manufactured a series of fried food processing machinery in the past ten years. The main categories include fried pasta processing line, fried nut production line, fried\u00a0 meat products production line, and fried vegetable production line. Our fried food machine is mainly provided to large, medium and small food [&hellip;]<\/p>\n","protected":false},"author":1,"featured_media":0,"parent":0,"menu_order":0,"comment_status":"closed","ping_status":"closed","template":"","meta":{"site-sidebar-layout":"no-sidebar","site-content-layout":"page-builder","ast-site-content-layout":"default","site-content-style":"default","site-sidebar-style":"default","ast-global-header-display":"","ast-banner-title-visibility":"","ast-main-header-display":"","ast-hfb-above-header-display":"","ast-hfb-below-header-display":"","ast-hfb-mobile-header-display":"","site-post-title":"disabled","ast-breadcrumbs-content":"","ast-featured-img":"disabled","footer-sml-layout":"","ast-disable-related-posts":"","theme-transparent-header-meta":"default","adv-header-id-meta":"","stick-header-meta":"default","header-above-stick-meta":"","header-main-stick-meta":"","header-below-stick-meta":"","astra-migrate-meta-layouts":"default","ast-page-background-enabled":"default","ast-page-background-meta":{"desktop":{"background-color":"","background-image":"","background-repeat":"repeat","background-position":"center center","background-size":"auto","background-attachment":"scroll","background-type":"","background-media":"","overlay-type":"","overlay-color":"","overlay-opacity":"","overlay-gradient":""},"tablet":{"background-color":"","background-image":"","background-repeat":"repeat","background-position":"center center","background-size":"auto","background-attachment":"scroll","background-type":"","background-media":"","overlay-type":"","overlay-color":"","overlay-opacity":"","overlay-gradient":""},"mobile":{"background-color":"","background-image":"","background-repeat":"repeat","background-position":"center center","background-size":"auto","background-attachment":"scroll","background-type":"","background-media":"","overlay-type":"","overlay-color":"","overlay-opacity":"","overlay-gradient":""}},"ast-content-background-meta":{"desktop":{"background-color":"var(--ast-global-color-5)","background-image":"","background-repeat":"repeat","background-position":"center center","background-size":"auto","background-attachment":"scroll","background-type":"","background-media":"","overlay-type":"","overlay-color":"","overlay-opacity":"","overlay-gradient":""},"tablet":{"background-color":"var(--ast-global-color-5)","background-image":"","background-repeat":"repeat","background-position":"center center","background-size":"auto","background-attachment":"scroll","background-type":"","background-media":"","overlay-type":"","overlay-color":"","overlay-opacity":"","overlay-gradient":""},"mobile":{"background-color":"var(--ast-global-color-5)","background-image":"","background-repeat":"repeat","background-position":"center center","background-size":"auto","background-attachment":"scroll","background-type":"","background-media":"","overlay-type":"","overlay-color":"","overlay-opacity":"","overlay-gradient":""}},"footnotes":""},"class_list":["post-71","page","type-page","status-publish","hentry"],"_links":{"self":[{"href":"https:\/\/frenchfrymachine.com\/es\/wp-json\/wp\/v2\/pages\/71","targetHints":{"allow":["GET"]}}],"collection":[{"href":"https:\/\/frenchfrymachine.com\/es\/wp-json\/wp\/v2\/pages"}],"about":[{"href":"https:\/\/frenchfrymachine.com\/es\/wp-json\/wp\/v2\/types\/page"}],"author":[{"embeddable":true,"href":"https:\/\/frenchfrymachine.com\/es\/wp-json\/wp\/v2\/users\/1"}],"replies":[{"embeddable":true,"href":"https:\/\/frenchfrymachine.com\/es\/wp-json\/wp\/v2\/comments?post=71"}],"version-history":[{"count":0,"href":"https:\/\/frenchfrymachine.com\/es\/wp-json\/wp\/v2\/pages\/71\/revisions"}],"wp:attachment":[{"href":"https:\/\/frenchfrymachine.com\/es\/wp-json\/wp\/v2\/media?parent=71"}],"curies":[{"name":"wp","href":"https:\/\/api.w.org\/{rel}","templated":true}]}}